{"id":60,"date":"2018-12-18T13:01:36","date_gmt":"2018-12-18T13:01:36","guid":{"rendered":"http:\/\/regiosaatgut-niedersachsen.de\/?page_id=60"},"modified":"2018-12-19T06:59:39","modified_gmt":"2018-12-19T06:59:39","slug":"herzlich-willkommen-auf-hof-hartig","status":"publish","type":"page","link":"http:\/\/regiosaatgut-niedersachsen.de\/","title":{"rendered":"Herzlich Willkommen auf Hof Hartig"},"content":{"rendered":"\n<p>Seit 2009 produziere ich auf meinem Hof in Bienenb\u00fcttel f\u00fcr die Firma Saaten Zeller gebietsheimisches Wildpflanzensaatgut f\u00fcr das nordwestdeutsche und westdeutsche Tiefland. Zum Schutz und zur Erhaltung der nat\u00fcrlich gewachsenen Vielfalt sollte bei Begr\u00fcnungsma\u00dfnahmen in der freien Landschaft ausschlie\u00dflich gebietsheimisches Wildpflanzensaatgut zum Einsatz kommen. Saaten Zeller produziert Regiosaatgut konsequent auf Basis von 22 Ursprungsgebieten. Neben dem UG 1 (Nordwestdeutsches Tiefland) sind f\u00fcr Niedersachsen das UG 2 (Westdeutsches Tiefland mit Unterem Weserbergland), das UG 6 (OberesWeser- und Leinebergland mit Harz) und in Ostniedersachsen das UG 4 (Ostdeutsches Tiefland) und das UG 5 (Mitteldeutsches Tief- und H\u00fcgelland) relevant. F\u00fcr jede Region besammeln und vermehren wir ein individuelles Artenspektrum, dass sich an der <a href=\"http:\/\/www.regionalisierte-pflanzenproduktion.de\">Positivliste<\/a> f\u00fcr Regiosaatgut orientiert. Das Artenspektrum umfasst ausschlie\u00dflich weit verbreitete Arten der jeweiligen Region, damit es nicht zu einer Florenverf\u00e4lschung kommen kann. Seltene oder nicht fl\u00e4chendeckend verbreitete Arten haben im Regiosaatgut nichts zu suchen. Ihre Ausbringung bedarf einer wissenschaftlichen Begleitung und einer in der Regel wesentlich h\u00f6heren Herkunftsqualit\u00e4t.<\/p>\n\n\n\n<figure class=\"wp-block-image\"><img loading=\"lazy\" width=\"794\" height=\"794\" src=\"http:\/\/regiosaatgut-niedersachsen.de\/wp-content\/uploads\/2018\/12\/karte.jpg\" alt=\"\" class=\"wp-image-15\" srcset=\"http:\/\/regiosaatgut-niedersachsen.de\/wp-content\/uploads\/2018\/12\/karte.jpg 794w, http:\/\/regiosaatgut-niedersachsen.de\/wp-content\/uploads\/2018\/12\/karte-150x150.jpg 150w, http:\/\/regiosaatgut-niedersachsen.de\/wp-content\/uploads\/2018\/12\/karte-300x300.jpg 300w, http:\/\/regiosaatgut-niedersachsen.de\/wp-content\/uploads\/2018\/12\/karte-768x768.jpg 768w\" sizes=\"(max-width: 706px) 89vw, (max-width: 767px) 82vw, 740px\" \/><\/figure>\n\n\n\n<p>Sie interessieren sich f\u00fcr Regiosaatgut vom Hof Hartig. Gerne unterbreiten wir Ihnen ein individuelles <a href=\"http:\/\/regiosaatgut-niedersachsen.de\/?page_id=78\">Angebot<\/a>.<br><\/p>\n","protected":false},"excerpt":{"rendered":"<p>Seit 2009 produziere ich auf meinem Hof in Bienenb\u00fcttel f\u00fcr die Firma Saaten Zeller gebietsheimisches Wildpflanzensaatgut f\u00fcr das nordwestdeutsche und westdeutsche Tiefland. Zum Schutz und zur Erhaltung der nat\u00fcrlich gewachsenen Vielfalt sollte bei Begr\u00fcnungsma\u00dfnahmen in der freien Landschaft ausschlie\u00dflich gebietsheimisches Wildpflanzensaatgut zum Einsatz kommen. Saaten Zeller produziert Regiosaatgut konsequent auf Basis von 22 Ursprungsgebieten. Neben &hellip; <\/p>\n<p class=\"link-more\"><a href=\"http:\/\/regiosaatgut-niedersachsen.de\/\" class=\"more-link\"><span class=\"screen-reader-text\">&#8222;Herzlich Willkommen auf Hof Hartig&#8220;<\/span> weiterlesen<\/a><\/p>\n","protected":false},"author":1,"featured_media":0,"parent":0,"menu_order":0,"comment_status":"closed","ping_status":"closed","template":"","meta":[],"_links":{"self":[{"href":"http:\/\/regiosaatgut-niedersachsen.de\/index.php?rest_route=\/wp\/v2\/pages\/60"}],"collection":[{"href":"http:\/\/regiosaatgut-niedersachsen.de\/index.php?rest_route=\/wp\/v2\/pages"}],"about":[{"href":"http:\/\/regiosaatgut-niedersachsen.de\/index.php?rest_route=\/wp\/v2\/types\/page"}],"author":[{"embeddable":true,"href":"http:\/\/regiosaatgut-niedersachsen.de\/index.php?rest_route=\/wp\/v2\/users\/1"}],"replies":[{"embeddable":true,"href":"http:\/\/regiosaatgut-niedersachsen.de\/index.php?rest_route=%2Fwp%2Fv2%2Fcomments&post=60"}],"version-history":[{"count":7,"href":"http:\/\/regiosaatgut-niedersachsen.de\/index.php?rest_route=\/wp\/v2\/pages\/60\/revisions"}],"predecessor-version":[{"id":103,"href":"http:\/\/regiosaatgut-niedersachsen.de\/index.php?rest_route=\/wp\/v2\/pages\/60\/revisions\/103"}],"wp:attachment":[{"href":"http:\/\/regiosaatgut-niedersachsen.de\/index.php?rest_route=%2Fwp%2Fv2%2Fmedia&parent=60"}],"curies":[{"name":"wp","href":"https:\/\/api.w.org\/{rel}","templated":true}]}}