{"id":93,"date":"2018-12-19T07:37:02","date_gmt":"2018-12-19T07:37:02","guid":{"rendered":"http:\/\/regiosaatgut-niedersachsen.de\/?page_id=93"},"modified":"2018-12-19T07:37:02","modified_gmt":"2018-12-19T07:37:02","slug":"spenderflaechen","status":"publish","type":"page","link":"http:\/\/regiosaatgut-niedersachsen.de\/?page_id=93","title":{"rendered":"Spenderfl\u00e4chen"},"content":{"rendered":"\n<p>Das Ausgangssaatgut f\u00fcr unsere Vermehrungen stammt ausschlie\u00dflich aus beh\u00f6rdlich genehmigten Aufsammlungen. Seit 2008 sammeln wir in Naturschutzgebieten, gesetzlich gesch\u00fctzten Biotopen und alten Kulturgraslandgebieten unterschiedlicher Naturr\u00e4ume. Mit dem Ziel, die genetische Ausstattung des jeweiligen Ursprungsgebietes m\u00f6glichst gut abzubilden, werden pro Art mindestens f\u00fcnf Populationen besammelt werden.\u00a0 Die Auswahl geeigneter Spenderfl\u00e4chen und die Aufsammlung selbst erfolgen durch unsere wissenschaftlichen Mitarbeiter (Dr. Walter Bleeker, Dr. Dierk Kunzmann). <\/p>\n\n\n\n<p>Eine Auflistung der vermehrten Arten, der Herk\u00fcnfte dieser Arten (auf Landkreisebene) und der zugeh\u00f6rigen Sammelgenehmigungen kann hier eingesehen werden: <a href=\"https:\/\/www.saaten-zeller.de\/rel\/images\/vermehrung\/verm_UG1.pdf\">Nordwestdeutsches Tiefland (UG 1)<\/a>, <a href=\"https:\/\/www.saaten-zeller.de\/rel\/images\/vermehrung\/verm_UG2.pdf\">Westdeutsches Tiefland mit Unterem Weserbergland (UG 2)<\/a>.<br><\/p>\n\n\n\n<p><\/p>\n\n\n\n<p><br><\/p>\n","protected":false},"excerpt":{"rendered":"<p>Das Ausgangssaatgut f\u00fcr unsere Vermehrungen stammt ausschlie\u00dflich aus beh\u00f6rdlich genehmigten Aufsammlungen. Seit 2008 sammeln wir in Naturschutzgebieten, gesetzlich gesch\u00fctzten Biotopen und alten Kulturgraslandgebieten unterschiedlicher Naturr\u00e4ume. Mit dem Ziel, die genetische Ausstattung des jeweiligen Ursprungsgebietes m\u00f6glichst gut abzubilden, werden pro Art mindestens f\u00fcnf Populationen besammelt werden.\u00a0 Die Auswahl geeigneter Spenderfl\u00e4chen und die Aufsammlung selbst erfolgen durch &hellip; <\/p>\n<p class=\"link-more\"><a href=\"http:\/\/regiosaatgut-niedersachsen.de\/?page_id=93\" class=\"more-link\"><span class=\"screen-reader-text\">&#8222;Spenderfl\u00e4chen&#8220;<\/span> weiterlesen<\/a><\/p>\n","protected":false},"author":1,"featured_media":0,"parent":0,"menu_order":0,"comment_status":"closed","ping_status":"closed","template":"","meta":[],"_links":{"self":[{"href":"http:\/\/regiosaatgut-niedersachsen.de\/index.php?rest_route=\/wp\/v2\/pages\/93"}],"collection":[{"href":"http:\/\/regiosaatgut-niedersachsen.de\/index.php?rest_route=\/wp\/v2\/pages"}],"about":[{"href":"http:\/\/regiosaatgut-niedersachsen.de\/index.php?rest_route=\/wp\/v2\/types\/page"}],"author":[{"embeddable":true,"href":"http:\/\/regiosaatgut-niedersachsen.de\/index.php?rest_route=\/wp\/v2\/users\/1"}],"replies":[{"embeddable":true,"href":"http:\/\/regiosaatgut-niedersachsen.de\/index.php?rest_route=%2Fwp%2Fv2%2Fcomments&post=93"}],"version-history":[{"count":1,"href":"http:\/\/regiosaatgut-niedersachsen.de\/index.php?rest_route=\/wp\/v2\/pages\/93\/revisions"}],"predecessor-version":[{"id":95,"href":"http:\/\/regiosaatgut-niedersachsen.de\/index.php?rest_route=\/wp\/v2\/pages\/93\/revisions\/95"}],"wp:attachment":[{"href":"http:\/\/regiosaatgut-niedersachsen.de\/index.php?rest_route=%2Fwp%2Fv2%2Fmedia&parent=93"}],"curies":[{"name":"wp","href":"https:\/\/api.w.org\/{rel}","templated":true}]}}